{"id":50,"date":"2025-11-21T14:55:53","date_gmt":"2025-11-21T13:55:53","guid":{"rendered":"https:\/\/baszkapazy.store\/?page_id=50"},"modified":"2025-11-25T13:15:50","modified_gmt":"2025-11-25T12:15:50","slug":"o-nas","status":"publish","type":"page","link":"https:\/\/baszkapazy.store\/index.php\/o-nas\/","title":{"rendered":"o nas"},"content":{"rendered":"\n<h3 class=\"wp-block-heading\">&#x1f4cd; Lokalizacja i Charakterystyka<\/h3>\n\n\n\n<p><strong>Nazwa:<\/strong> Baszkapazy <\/p>\n\n\n\n<p><strong>Adres:<\/strong> Ul. 11 Listopada , 43-300 Bielsko-Bia\u0142a (\u015acis\u0142e centrum, z widokiem na Ratusz)<\/p>\n\n\n\n<p><strong>Charakterystyka:<\/strong> Butikowy salon stylizacji paznokci i rz\u0119s. Wn\u0119trze utrzymane w stylu <\/p>\n\n\n\n<figure class=\"wp-block-gallery has-nested-images columns-default is-cropped wp-block-gallery-1 is-layout-flex wp-block-gallery-is-layout-flex\">\n<figure class=\"wp-block-image size-large is-resized is-style-rounded\"><img fetchpriority=\"high\" decoding=\"async\" width=\"909\" height=\"1024\" data-id=\"61\" src=\"https:\/\/baszkapazy.store\/wp-content\/uploads\/2025\/11\/Image-1-909x1024.jpg\" alt=\"\" class=\"wp-image-61\" style=\"width:220px;height:auto\" srcset=\"https:\/\/baszkapazy.store\/wp-content\/uploads\/2025\/11\/Image-1-909x1024.jpg 909w, https:\/\/baszkapazy.store\/wp-content\/uploads\/2025\/11\/Image-1-266x300.jpg 266w, https:\/\/baszkapazy.store\/wp-content\/uploads\/2025\/11\/Image-1-768x865.jpg 768w, https:\/\/baszkapazy.store\/wp-content\/uploads\/2025\/11\/Image-1.jpg 1170w\" sizes=\"(max-width: 909px) 100vw, 909px\" \/><\/figure>\n\n\n\n<figure class=\"wp-block-image size-large is-style-rounded\"><img decoding=\"async\" width=\"576\" height=\"1024\" data-id=\"60\" src=\"https:\/\/baszkapazy.store\/wp-content\/uploads\/2025\/11\/Image-2-576x1024.jpg\" alt=\"\" class=\"wp-image-60\" srcset=\"https:\/\/baszkapazy.store\/wp-content\/uploads\/2025\/11\/Image-2-576x1024.jpg 576w, https:\/\/baszkapazy.store\/wp-content\/uploads\/2025\/11\/Image-2-169x300.jpg 169w, https:\/\/baszkapazy.store\/wp-content\/uploads\/2025\/11\/Image-2-768x1366.jpg 768w, https:\/\/baszkapazy.store\/wp-content\/uploads\/2025\/11\/Image-2-864x1536.jpg 864w, https:\/\/baszkapazy.store\/wp-content\/uploads\/2025\/11\/Image-2-1152x2048.jpg 1152w, https:\/\/baszkapazy.store\/wp-content\/uploads\/2025\/11\/Image-2-scaled.jpg 1440w\" sizes=\"(max-width: 576px) 100vw, 576px\" \/><\/figure>\n<\/figure>\n\n\n\n<p><strong>Glamour Minimalist<\/strong> \u2013 marmurowe blaty, z\u0142ote akcenty i stonowana paleta barw (ko\u015b\u0107 s\u0142oniowa, pudrowy r\u00f3\u017c). Salon k\u0142adzie nacisk na wysok\u0105 jako\u015b\u0107 produkt\u00f3w i sterylno\u015b\u0107 na poziomie medycznym.<\/p>\n\n\n\n<h3 class=\"wp-block-heading\">&#x1f4c5; Czas Dzia\u0142ania i Historia<\/h3>\n\n\n\n<p><strong>Data za\u0142o\u017cenia:<\/strong> Wrzesie\u0144 2018 roku <\/p>\n\n\n\n<p><strong>Historia:<\/strong> Salon zosta\u0142 za\u0142o\u017cony przez Barbare Paszek. <\/p>\n\n\n\n<div class=\"wp-block-group is-nowrap is-layout-flex wp-container-core-group-is-layout-ad2f72ca wp-block-group-is-layout-flex\">\n<p>Basia, wielokrotna medalistka mistrzostw Nail Art w Polsce i zagranic\u0105, postanowi\u0142a stworzy\u0107 miejsce, kt\u00f3re po\u0142\u0105czy jej pasj\u0119 do skomplikowanych zdobie\u0144 (Nail Art) z najwy\u017csz\u0105 dba\u0142o\u015bci\u0105 o zdrowie naturalnej p\u0142ytki. Od 2020 roku salon jest znany z wprowadzania <strong>autorskiej metody &#8222;Hard Base Sculpt&#8221;<\/strong>, kt\u00f3ra pozwala na lekkie i trwa\u0142e wzmocnienie naturalnych paznokci bez konieczno\u015bci d\u0142ugotrwa\u0142ego przed\u0142u\u017cania \u017celem.<\/p>\n<\/div>\n","protected":false},"excerpt":{"rendered":"<p>&#x1f4cd; Lokalizacja i Charakterystyka Nazwa: Baszkapazy Adres: Ul. 11 Listopada , 43-300 Bielsko-Bia\u0142a (\u015acis\u0142e centrum, z widokiem na Ratusz) Charakterystyka: Butikowy salon stylizacji paznokci i rz\u0119s. Wn\u0119trze utrzymane w stylu Glamour Minimalist \u2013 marmurowe blaty, &hellip; <\/p>\n","protected":false},"author":1,"featured_media":0,"parent":0,"menu_order":0,"comment_status":"closed","ping_status":"closed","template":"","meta":{"om_disable_all_campaigns":false,"_monsterinsights_skip_tracking":false,"_monsterinsights_sitenote_active":false,"_monsterinsights_sitenote_note":"","_monsterinsights_sitenote_category":0,"footnotes":""},"class_list":["post-50","page","type-page","status-publish","hentry"],"aioseo_notices":[],"featured_image_src":"","featured_image_src_square":false,"rbea_author_info":{"display_name":"admin","author_link":"https:\/\/baszkapazy.store\/index.php\/author\/admin\/"},"rbea_excerpt_info":"&#x1f4cd; Lokalizacja i Charakterystyka Nazwa: Baszkapazy Adres: Ul. 11 Listopada , 43-300 Bielsko-Bia\u0142a (\u015acis\u0142e centrum, z widokiem na Ratusz) Charakterystyka: Butikowy salon stylizacji paznokci i rz\u0119s. Wn\u0119trze utrzymane w stylu Glamour Minimalist \u2013 marmurowe blaty, &hellip; ","_links":{"self":[{"href":"https:\/\/baszkapazy.store\/index.php\/wp-json\/wp\/v2\/pages\/50","targetHints":{"allow":["GET"]}}],"collection":[{"href":"https:\/\/baszkapazy.store\/index.php\/wp-json\/wp\/v2\/pages"}],"about":[{"href":"https:\/\/baszkapazy.store\/index.php\/wp-json\/wp\/v2\/types\/page"}],"author":[{"embeddable":true,"href":"https:\/\/baszkapazy.store\/index.php\/wp-json\/wp\/v2\/users\/1"}],"replies":[{"embeddable":true,"href":"https:\/\/baszkapazy.store\/index.php\/wp-json\/wp\/v2\/comments?post=50"}],"version-history":[{"count":1,"href":"https:\/\/baszkapazy.store\/index.php\/wp-json\/wp\/v2\/pages\/50\/revisions"}],"predecessor-version":[{"id":70,"href":"https:\/\/baszkapazy.store\/index.php\/wp-json\/wp\/v2\/pages\/50\/revisions\/70"}],"wp:attachment":[{"href":"https:\/\/baszkapazy.store\/index.php\/wp-json\/wp\/v2\/media?parent=50"}],"curies":[{"name":"wp","href":"https:\/\/api.w.org\/{rel}","templated":true}]}}