{"id":48,"date":"2025-11-14T15:35:08","date_gmt":"2025-11-14T14:35:08","guid":{"rendered":"https:\/\/baszkapazy.store\/?page_id=48"},"modified":"2025-11-21T15:05:57","modified_gmt":"2025-11-21T14:05:57","slug":"oferta-salonu","status":"publish","type":"page","link":"https:\/\/baszkapazy.store\/index.php\/oferta-salonu\/","title":{"rendered":"Oferta salonu"},"content":{"rendered":"\n<figure class=\"wp-block-table\"><table class=\"has-fixed-layout\"><tbody><tr><td>us\u0142uga<\/td><td>opis<\/td><td>cena<\/td><td>czas trwania<\/td><\/tr><tr><td>Manicure klasyczny<\/td><td>Opracowanie sk\u00f3rek, opi\u0142owanie paznokci, od\u017cywka\/lakier klasyczny.<\/td><td>50-70z\u0142<\/td><td>ok. 45 min<\/td><\/tr><tr><td>Manicure hybrydowy<\/td><td>Manicure klasyczny plus aplikacja lakieru hybrydowego (jednokolorowy)<\/td><td>80-110z\u0142<\/td><td>ok. 1,5 godz.<\/td><\/tr><tr><td>Pedicure klasyczny<\/td><td>K\u0105piel st\u00f3p, opracowanie podeszwy, sk\u00f3rek i paznokci, krem.<\/td><td>90-120z\u0142<\/td><td>ok. 1 godz.<\/td><\/tr><tr><td>Pedicure hybrydowy<\/td><td>Pedicure klasyczny plus aplikacja lakieru hybrydowego na paznokcie u st\u00f3p.<\/td><td>120-150z\u0142<\/td><td>ok.1,5 godz.<\/td><\/tr><tr><td>Usuni\u0119cie hybrydy<\/td><td>Bez ponownej stylizacji. Opracowanie paznokci i na\u0142o\u017cenie od\u017cywki.<\/td><td>30z\u0142<\/td><td>ok. 30 min<\/td><\/tr><tr><td>Przed\u0142u\u017cenie \u017celowe<\/td><td>Przed\u0142u\u017canie paznokci na formie\/tipsie, nadanie kszta\u0142tu i koloru.<\/td><td>140-180z\u0142<\/td><td>ok. 2,5 godz.<\/td><\/tr><tr><td>Uzupe\u0142nienie \u017celu<\/td><td>Uzupe\u0142nienie odrostu i zmiana koloru.<\/td><td>110-140z\u0142<\/td><td>ok. 1,5-2 godz.<\/td><\/tr><tr><td>\u017bel na naturalnej p\u0142ytce<\/td><td>Wzmacnianie naturalnej p\u0142ytki \u017celem (bez przed\u0142u\u017cania), kolor hybrydowy.<\/td><td>100-130z\u0142<\/td><td>ok. 1,5 godz.<\/td><\/tr><tr><td>Zdobienie proste<\/td><td>(np. brokat, py\u0142ek, 1-2 paski)<\/td><td>5-10z\u0142<\/td><td><\/td><\/tr><tr><td>Zdobienie complex<\/td><td>(np. r\u0119czne malowanie, baby boomer, ombre)<\/td><td>10-10z\u0142<\/td><td><\/td><\/tr><tr><td>Zabieg piel\u0119gnuj\u0105cy na d\u0142onie<\/td><td><\/td><td>35zl<\/td><td><\/td><\/tr><tr><td>Zabieg piel\u0119gnuj\u0105cy na stopy<\/td><td><\/td><td>45z\u0142<\/td><td><\/td><\/tr><\/tbody><\/table><\/figure>\n\n\n\n<figure class=\"wp-block-gallery has-nested-images columns-default is-cropped wp-block-gallery-1 is-layout-flex wp-block-gallery-is-layout-flex\">\n<figure class=\"wp-block-image size-large is-style-rounded\"><img fetchpriority=\"high\" decoding=\"async\" width=\"768\" height=\"1024\" data-id=\"62\" src=\"https:\/\/baszkapazy.store\/wp-content\/uploads\/2025\/11\/Image-768x1024.jpg\" alt=\"\" class=\"wp-image-62\" srcset=\"https:\/\/baszkapazy.store\/wp-content\/uploads\/2025\/11\/Image-768x1024.jpg 768w, https:\/\/baszkapazy.store\/wp-content\/uploads\/2025\/11\/Image-225x300.jpg 225w, https:\/\/baszkapazy.store\/wp-content\/uploads\/2025\/11\/Image-1152x1536.jpg 1152w, https:\/\/baszkapazy.store\/wp-content\/uploads\/2025\/11\/Image-1536x2048.jpg 1536w, https:\/\/baszkapazy.store\/wp-content\/uploads\/2025\/11\/Image-1568x2091.jpg 1568w, https:\/\/baszkapazy.store\/wp-content\/uploads\/2025\/11\/Image-scaled.jpg 1920w\" sizes=\"(max-width: 768px) 100vw, 768px\" \/><\/figure>\n\n\n\n<figure class=\"wp-block-image size-large is-style-rounded\"><img decoding=\"async\" width=\"909\" height=\"1024\" data-id=\"61\" src=\"https:\/\/baszkapazy.store\/wp-content\/uploads\/2025\/11\/Image-1-909x1024.jpg\" alt=\"\" class=\"wp-image-61\" srcset=\"https:\/\/baszkapazy.store\/wp-content\/uploads\/2025\/11\/Image-1-909x1024.jpg 909w, https:\/\/baszkapazy.store\/wp-content\/uploads\/2025\/11\/Image-1-266x300.jpg 266w, https:\/\/baszkapazy.store\/wp-content\/uploads\/2025\/11\/Image-1-768x865.jpg 768w, https:\/\/baszkapazy.store\/wp-content\/uploads\/2025\/11\/Image-1.jpg 1170w\" sizes=\"(max-width: 909px) 100vw, 909px\" \/><\/figure>\n\n\n\n<figure class=\"wp-block-image size-large is-style-rounded\"><img decoding=\"async\" width=\"576\" height=\"1024\" data-id=\"60\" src=\"https:\/\/baszkapazy.store\/wp-content\/uploads\/2025\/11\/Image-2-576x1024.jpg\" alt=\"\" class=\"wp-image-60\" srcset=\"https:\/\/baszkapazy.store\/wp-content\/uploads\/2025\/11\/Image-2-576x1024.jpg 576w, https:\/\/baszkapazy.store\/wp-content\/uploads\/2025\/11\/Image-2-169x300.jpg 169w, https:\/\/baszkapazy.store\/wp-content\/uploads\/2025\/11\/Image-2-768x1366.jpg 768w, https:\/\/baszkapazy.store\/wp-content\/uploads\/2025\/11\/Image-2-864x1536.jpg 864w, https:\/\/baszkapazy.store\/wp-content\/uploads\/2025\/11\/Image-2-1152x2048.jpg 1152w, https:\/\/baszkapazy.store\/wp-content\/uploads\/2025\/11\/Image-2-scaled.jpg 1440w\" sizes=\"(max-width: 576px) 100vw, 576px\" \/><\/figure>\n<\/figure>\n","protected":false},"excerpt":{"rendered":"<p>us\u0142uga opis cena czas trwania Manicure klasyczny Opracowanie sk\u00f3rek, opi\u0142owanie paznokci, od\u017cywka\/lakier klasyczny. 50-70z\u0142 ok. 45 min Manicure hybrydowy Manicure klasyczny plus aplikacja lakieru hybrydowego (jednokolorowy) 80-110z\u0142 ok. 1,5 godz. Pedicure klasyczny K\u0105piel st\u00f3p, opracowanie &hellip; <\/p>\n","protected":false},"author":1,"featured_media":0,"parent":0,"menu_order":0,"comment_status":"closed","ping_status":"closed","template":"","meta":{"om_disable_all_campaigns":false,"_monsterinsights_skip_tracking":false,"_monsterinsights_sitenote_active":false,"_monsterinsights_sitenote_note":"","_monsterinsights_sitenote_category":0,"footnotes":""},"class_list":["post-48","page","type-page","status-publish","hentry"],"aioseo_notices":[],"featured_image_src":"","featured_image_src_square":false,"rbea_author_info":{"display_name":"admin","author_link":"https:\/\/baszkapazy.store\/index.php\/author\/admin\/"},"rbea_excerpt_info":"us\u0142uga opis cena czas trwania Manicure klasyczny Opracowanie sk\u00f3rek, opi\u0142owanie paznokci, od\u017cywka\/lakier klasyczny. 50-70z\u0142 ok. 45 min Manicure hybrydowy Manicure klasyczny plus aplikacja lakieru hybrydowego (jednokolorowy) 80-110z\u0142 ok. 1,5 godz. Pedicure klasyczny K\u0105piel st\u00f3p, opracowanie &hellip; ","_links":{"self":[{"href":"https:\/\/baszkapazy.store\/index.php\/wp-json\/wp\/v2\/pages\/48","targetHints":{"allow":["GET"]}}],"collection":[{"href":"https:\/\/baszkapazy.store\/index.php\/wp-json\/wp\/v2\/pages"}],"about":[{"href":"https:\/\/baszkapazy.store\/index.php\/wp-json\/wp\/v2\/types\/page"}],"author":[{"embeddable":true,"href":"https:\/\/baszkapazy.store\/index.php\/wp-json\/wp\/v2\/users\/1"}],"replies":[{"embeddable":true,"href":"https:\/\/baszkapazy.store\/index.php\/wp-json\/wp\/v2\/comments?post=48"}],"version-history":[{"count":2,"href":"https:\/\/baszkapazy.store\/index.php\/wp-json\/wp\/v2\/pages\/48\/revisions"}],"predecessor-version":[{"id":78,"href":"https:\/\/baszkapazy.store\/index.php\/wp-json\/wp\/v2\/pages\/48\/revisions\/78"}],"wp:attachment":[{"href":"https:\/\/baszkapazy.store\/index.php\/wp-json\/wp\/v2\/media?parent=48"}],"curies":[{"name":"wp","href":"https:\/\/api.w.org\/{rel}","templated":true}]}}